{"id":50430,"date":"2024-06-12T15:26:41","date_gmt":"2024-06-12T15:26:41","guid":{"rendered":"https:\/\/siratek.net\/?post_type=product&#038;p=50430"},"modified":"2025-12-16T08:23:52","modified_gmt":"2025-12-16T08:23:52","slug":"digital-multimeter","status":"publish","type":"product","link":"https:\/\/siratek.net\/index.php\/product\/digital-multimeter\/","title":{"rendered":"Digital Multimeter"},"content":{"rendered":"<body><p>1-1. Displaying: 22mm digit height LCD display.<\/p>\n<p>1-2. Max. Indication: 1999 (31\/2) auto polarity indication.<\/p>\n<p>1-3. Sampling rate: approx. 3 times\/ sec<\/p>\n<p>1-4. Over Range Indication: MSD displays \u201c1\u201d<\/p>\n<p>1-5. Low Battery Indication: \u201d <strong>\u00a0<\/strong>\u201d symbol displays.<\/p>\n<p>1-6. Operation Environment: (0\uff5e40)\u2103, relative humidity \uff1c80% .<\/p>\n<p>1-7. Power: 9V battery (NEDA1604\/6F22 or equivalent)<\/p>\n<p>1-8. Measurement: 145\u00d785\u00d730mm (Length\u00d7Width\u00d7Height)<\/p>\n<p>1-9. Weight: Approx. 170g (including a 9V battery)<\/p>\n<p>1-10. Accessories: Operation Manual, Product Certificate, Packing box, Test leads and a 9V battery.<\/p>\n<ol start=\"2\">\n<li>Technical Features<\/li>\n<\/ol>\n<p>Accuracy: \u00b1 (a%\u00d7reading+d)<\/p>\n<p>Surrounding: (23\u00b15)\u2103, relative humidity\uff1c75%. One year warranty since the date of manufacture.<\/p>\n<ul>\n<li><strong>DCV<\/strong><\/li>\n<\/ul>\n<table width=\"60%\">\n<tbody>\n<tr>\n<td width=\"48\">Range<\/td>\n<td width=\"70\">Accuracy<\/td>\n<td width=\"52\">Resolution<\/td>\n<\/tr>\n<tr>\n<td width=\"48\">200mV<\/td>\n<td rowspan=\"4\" width=\"70\">\u00b1(0.5%+4)<\/td>\n<td width=\"52\">100uV<\/td>\n<\/tr>\n<tr>\n<td width=\"48\">2V<\/td>\n<td width=\"52\">1mV<\/td>\n<\/tr>\n<tr>\n<td width=\"48\">20V<\/td>\n<td width=\"52\">10mV<\/td>\n<\/tr>\n<tr>\n<td width=\"48\">200V<\/td>\n<td width=\"52\">100mV<\/td>\n<\/tr>\n<tr>\n<td width=\"48\">600V<\/td>\n<td width=\"70\">\u00b1(1.0%+5)<\/td>\n<td width=\"52\">1V<\/td>\n<\/tr>\n<\/tbody>\n<\/table>\n<p>Input impedance: 1M\u03a9for all ranges.<\/p>\n<ul>\n<li><strong>ACV<\/strong><\/li>\n<\/ul>\n<table width=\"60%\">\n<tbody>\n<tr>\n<td width=\"44\">Range<\/td>\n<td width=\"74\">Accuracy<\/td>\n<td width=\"52\">Resolution<\/td>\n<\/tr>\n<tr>\n<td width=\"44\">200V<\/td>\n<td rowspan=\"2\" width=\"74\">\u00b1(1.2%+10)<\/td>\n<td width=\"52\">100mV<\/td>\n<\/tr>\n<tr>\n<td width=\"44\">600V<\/td>\n<td width=\"52\">1V<\/td>\n<\/tr>\n<\/tbody>\n<\/table>\n<p>Input impedance: 1M\u03a9.<\/p>\n<p>Frequency Response: (40\uff5e200)Hz<\/p>\n<ul>\n<li><strong>DCA<\/strong><\/li>\n<\/ul>\n<table width=\"61%\">\n<tbody>\n<tr>\n<td width=\"26%\">Range<\/td>\n<td width=\"40%\">Accuracy<\/td>\n<td width=\"33%\">Resolution<\/td>\n<\/tr>\n<tr>\n<td width=\"26%\">20uA<\/td>\n<td rowspan=\"5\" width=\"40%\">\u00b1(1.5%+3)\u00a0\n<p>\u00a0<\/p><\/td>\n<td width=\"33%\">0.01uA<\/td>\n<\/tr>\n<tr>\n<td width=\"26%\">200uA<\/td>\n<td width=\"33%\">0.1uA<\/td>\n<\/tr>\n<tr>\n<td width=\"26%\">2mA<\/td>\n<td width=\"33%\">1uA<\/td>\n<\/tr>\n<tr>\n<td width=\"26%\">20mA<\/td>\n<td width=\"33%\">10uA<\/td>\n<\/tr>\n<tr>\n<td width=\"26%\">200mA<\/td>\n<td width=\"33%\">100uA<\/td>\n<\/tr>\n<tr>\n<td width=\"26%\">10A<\/td>\n<td width=\"40%\">\u00b1(2.0%+5)<\/td>\n<td width=\"33%\">10mA<\/td>\n<\/tr>\n<\/tbody>\n<\/table>\n<p>Max. Input current: 10A (no more than 6 seconds)<\/p>\n<p>Overload Protection: 0.2A\/250V; 10A\/250V fuse.<\/p>\n<ul>\n<li><strong>Resistance<\/strong><\/li>\n<\/ul>\n<table width=\"63%\">\n<tbody>\n<tr>\n<td width=\"29%\">Range<\/td>\n<td width=\"41%\">Accuracy<\/td>\n<td width=\"29%\">Resolution<\/td>\n<\/tr>\n<tr>\n<td width=\"29%\">200\u03a9<\/td>\n<td width=\"41%\">\u00b1(0.8%+5)<\/td>\n<td width=\"29%\">0.1\u03a9<\/td>\n<\/tr>\n<tr>\n<td width=\"29%\">2k\u03a9<\/td>\n<td rowspan=\"3\" width=\"41%\">\u00a0\n<p>\u00b1(0.8%+3)<\/p><\/td>\n<td width=\"29%\">1\u03a9<\/td>\n<\/tr>\n<tr>\n<td width=\"29%\">20k\u03a9<\/td>\n<td width=\"29%\">10\u03a9<\/td>\n<\/tr>\n<tr>\n<td width=\"29%\">200k\u03a9<\/td>\n<td width=\"29%\">100\u03a9<\/td>\n<\/tr>\n<tr>\n<td width=\"29%\">20M\u03a9<\/td>\n<td width=\"41%\">\u00b1(1.0%+15)<\/td>\n<td width=\"29%\">10k\u03a9<\/td>\n<\/tr>\n<\/tbody>\n<\/table>\n<\/body>","protected":false},"excerpt":{"rendered":"<ol>\n<li>The instrument is a pocket digital multimeter, which is used to measure DCV, ACV, and DCA, resistance, diode and continuity test. It is an ideal tool for labs, household and wireless enthusiasts.<\/li>\n<\/ol>\n","protected":false},"featured_media":50431,"comment_status":"open","ping_status":"closed","template":"","meta":{"om_disable_all_campaigns":false,"_monsterinsights_skip_tracking":false,"_monsterinsights_sitenote_active":false,"_monsterinsights_sitenote_note":"","_monsterinsights_sitenote_category":0},"product_cat":[67,157],"product_tag":[],"class_list":{"0":"post-50430","1":"product","2":"type-product","3":"status-publish","4":"has-post-thumbnail","6":"product_cat-communications","7":"product_cat-computer-and-accessories","9":"first","10":"instock","11":"shipping-taxable","12":"purchasable","13":"product-type-simple"},"supplier_id":null,"supplier_sku":"","barcode":null,"atum_controlled":true,"out_stock_date":null,"out_stock_threshold":null,"inheritable":false,"inbound_stock":0,"stock_on_hold":6,"sold_today":0,"sales_last_days":0,"reserved_stock":0,"customer_returns":0,"warehouse_damage":0,"lost_in_post":0,"other_logs":0,"out_stock_days":0,"lost_sales":0,"has_location":false,"update_date":"2026-05-06T00:18:24","atum_locations":[],"atum_stock_status":"instock","restock_status":false,"low_stock_amount":"","sales_update_date":"2026-05-06T00:18:24","calc_backorders":null,"jetpack_sharing_enabled":true,"_links":{"self":[{"href":"https:\/\/siratek.net\/index.php\/wp-json\/wp\/v2\/product\/50430","targetHints":{"allow":["GET"]}}],"collection":[{"href":"https:\/\/siratek.net\/index.php\/wp-json\/wp\/v2\/product"}],"about":[{"href":"https:\/\/siratek.net\/index.php\/wp-json\/wp\/v2\/types\/product"}],"replies":[{"embeddable":true,"href":"https:\/\/siratek.net\/index.php\/wp-json\/wp\/v2\/comments?post=50430"}],"wp:featuredmedia":[{"embeddable":true,"href":"https:\/\/siratek.net\/index.php\/wp-json\/wp\/v2\/media\/50431"}],"wp:attachment":[{"href":"https:\/\/siratek.net\/index.php\/wp-json\/wp\/v2\/media?parent=50430"}],"wp:term":[{"taxonomy":"product_cat","embeddable":true,"href":"https:\/\/siratek.net\/index.php\/wp-json\/wp\/v2\/product_cat?post=50430"},{"taxonomy":"product_tag","embeddable":true,"href":"https:\/\/siratek.net\/index.php\/wp-json\/wp\/v2\/product_tag?post=50430"}],"curies":[{"name":"wp","href":"https:\/\/api.w.org\/{rel}","templated":true}]}}